{"id":382,"date":"2019-07-16T11:36:11","date_gmt":"2019-07-16T11:36:11","guid":{"rendered":"https:\/\/livewp.site\/wp\/md\/ewebot\/contact-us\/"},"modified":"2023-09-07T15:27:30","modified_gmt":"2023-09-07T15:27:30","slug":"contacto","status":"publish","type":"page","link":"https:\/\/www.traductoresunitedbolivia.com\/en\/contacto\/","title":{"rendered":"Contact"},"content":{"rendered":"<div data-elementor-type=\"wp-post\" data-elementor-id=\"382\" class=\"elementor elementor-382\" data-elementor-post-type=\"page\">\n\t\t\t\t\t\t<section class=\"elementor-section elementor-top-section elementor-element elementor-element-af3eb13 elementor-section-boxed elementor-section-height-default elementor-section-height-default\" data-id=\"af3eb13\" data-element_type=\"section\" data-e-type=\"section\">\n\t\t\t\t\t\t<div class=\"elementor-container elementor-column-gap-default\">\n\t\t\t\t\t<div class=\"elementor-column elementor-col-33 elementor-top-column elementor-element elementor-element-a15aad9\" data-id=\"a15aad9\" data-element_type=\"column\" data-e-type=\"column\">\n\t\t\t<div class=\"elementor-widget-wrap elementor-element-populated\">\n\t\t\t\t\t\t<div class=\"elementor-element-custom_font_size elementor-element-custom_font_weight elementor-element-custom_color elementor-element elementor-element-7ca78cd elementor-widget elementor-widget-text-editor\" data-id=\"7ca78cd\" data-element_type=\"widget\" data-e-type=\"widget\" data-widget_type=\"text-editor.default\">\n\t\t\t\t<div class=\"elementor-widget-container\">\n\t\t\t\t\t\t\t\t\t<h5>Translators United Bolivia<\/h5>\t\t\t\t\t\t\t\t<\/div>\n\t\t\t\t<\/div>\n\t\t\t\t<div class=\"elementor-element elementor-element-f7ab0d8 elementor-widget elementor-widget-heading\" data-id=\"f7ab0d8\" data-element_type=\"widget\" data-e-type=\"widget\" data-widget_type=\"heading.default\">\n\t\t\t\t<div class=\"elementor-widget-container\">\n\t\t\t\t\t<h2 class=\"elementor-heading-title elementor-size-default\">Informaci\u00f3n de Contacto<\/h2>\t\t\t\t<\/div>\n\t\t\t\t<\/div>\n\t\t\t\t<div class=\"elementor-element-custom_color elementor-element elementor-element-3c0a276 elementor-widget elementor-widget-text-editor\" data-id=\"3c0a276\" data-element_type=\"widget\" data-e-type=\"widget\" data-widget_type=\"text-editor.default\">\n\t\t\t\t<div class=\"elementor-widget-container\">\n\t\t\t\t\t\t\t\t\t<p class=\"MsoNormal\" style=\"margin-bottom: 0.0001pt; line-height: normal; background-image: initial; background-position: initial; background-size: initial; background-repeat: initial; background-attachment: initial; background-origin: initial; background-clip: initial;\"><span lang=\"ES-BO\" style=\"font-size: 13.5pt; font-family: Rubik, &quot;serif&quot;;\">Contamos con soporte\nde chat en vivo v\u00eda WhatsApp o puede contactarnos v\u00eda correo electr\u00f3nico.<o:p><\/o:p><\/span><\/p><p class=\"MsoNormal\" style=\"margin-bottom: 0.0001pt; line-height: 21pt; background-image: initial; background-position: initial; background-size: initial; background-repeat: initial; background-attachment: initial; background-origin: initial; background-clip: initial;\"><b><span lang=\"ES-BO\" style=\"font-size: 12pt; font-family: Nunito;\">Tel\u00e9fono:<\/span><\/b><span lang=\"ES-BO\" style=\"font-size: 10.5pt; font-family: Rubik, &quot;serif&quot;;\"><o:p><\/o:p><\/span><\/p><p class=\"MsoNormal\" style=\"margin-bottom: 0.0001pt; line-height: 18pt; background-image: initial; background-position: initial; background-size: initial; background-repeat: initial; background-attachment: initial; background-origin: initial; background-clip: initial;\"><span lang=\"ES-BO\" style=\"font-size:12.0pt;font-family:&quot;Rubik&quot;,&quot;serif&quot;;mso-fareast-font-family:&quot;Times New Roman&quot;;mso-bidi-font-family:&quot;Times New Roman&quot;;color:#A59C41;mso-fareast-language:ES-BO\">(+591) 777-78832<o:p><\/o:p><\/span><\/p><p class=\"MsoNormal\" style=\"margin-bottom: 0.0001pt; line-height: 21pt; background-image: initial; background-position: initial; background-size: initial; background-repeat: initial; background-attachment: initial; background-origin: initial; background-clip: initial;\"><b><span lang=\"ES-BO\" style=\"font-size: 12pt; font-family: Nunito;\">E-mail:<\/span><\/b><span lang=\"ES-BO\" style=\"font-size: 10.5pt; font-family: Rubik, &quot;serif&quot;;\"><o:p><\/o:p><\/span><\/p><p class=\"MsoNormal\" style=\"margin-bottom: 0.0001pt; line-height: 18pt; background-image: initial; background-position: initial; background-size: initial; background-repeat: initial; background-attachment: initial; background-origin: initial; background-clip: initial;\"><span lang=\"ES-BO\" style=\"font-size: 12pt; font-family: Rubik, &quot;serif&quot;;\">pabloandresviscarralopez@gmail.com<br>\ntraductoresunited2021@gmail.com<o:p><\/o:p><\/span><\/p><p class=\"MsoNormal\" style=\"margin-bottom: 0.0001pt; line-height: 21pt; background-image: initial; background-position: initial; background-size: initial; background-repeat: initial; background-attachment: initial; background-origin: initial; background-clip: initial;\"><b><span lang=\"ES-BO\" style=\"font-size: 12pt; font-family: Nunito;\">Direcci\u00f3n:<\/span><\/b><span lang=\"ES-BO\" style=\"font-size: 10.5pt; font-family: Rubik, &quot;serif&quot;;\"><o:p><\/o:p><\/span><\/p><p>\n\n\n\n\n\n\n\n\n\n\n\n<span lang=\"ES-BO\" style=\"font-size: 12pt; line-height: 107%; font-family: Rubik, &quot;serif&quot;;\">Auquisama\u00f1a, Calle Tajibos N\u00b0 7, La Paz, Bolivia<\/span><br><\/p>\t\t\t\t\t\t\t\t<\/div>\n\t\t\t\t<\/div>\n\t\t\t\t<div class=\"elementor-element elementor-element-5d1fa19 elementor-widget elementor-widget-spacer\" data-id=\"5d1fa19\" data-element_type=\"widget\" data-e-type=\"widget\" data-widget_type=\"spacer.default\">\n\t\t\t\t<div class=\"elementor-widget-container\">\n\t\t\t\t\t\t\t<div class=\"elementor-spacer\">\n\t\t\t<div class=\"elementor-spacer-inner\"><\/div>\n\t\t<\/div>\n\t\t\t\t\t\t<\/div>\n\t\t\t\t<\/div>\n\t\t\t\t<div class=\"elementor-element elementor-element-eaf33a9 elementor-widget elementor-widget-html\" data-id=\"eaf33a9\" data-element_type=\"widget\" data-e-type=\"widget\" data-widget_type=\"html.default\">\n\t\t\t\t<div class=\"elementor-widget-container\">\n\t\t\t\t\t<div id=\"fb-root\"><\/div>\r\n<script async defer crossorigin=\"anonymous\" src=\"https:\/\/connect.facebook.net\/es_LA\/sdk.js#xfbml=1&version=v11.0&appId=269446190215825&autoLogAppEvents=1\" nonce=\"cBXdODch\"><\/script>\r\n<div class=\"fb-page\" data-href=\"https:\/\/www.facebook.com\/traduccionesparaprofesionales\/\" data-tabs=\"timeline\" data-width=\"\" data-height=\"\" data-small-header=\"false\" data-adapt-container-width=\"true\" data-hide-cover=\"false\" data-show-facepile=\"true\"><blockquote cite=\"https:\/\/www.facebook.com\/traduccionesparaprofesionales\/\" class=\"fb-xfbml-parse-ignore\"><a href=\"https:\/\/www.facebook.com\/traduccionesparaprofesionales\/\">Translators United Bolivia<\/a><\/blockquote><\/div>\t\t\t\t<\/div>\n\t\t\t\t<\/div>\n\t\t\t\t\t<\/div>\n\t\t<\/div>\n\t\t\t\t<div class=\"elementor-column elementor-col-33 elementor-top-column elementor-element elementor-element-baec281\" data-id=\"baec281\" data-element_type=\"column\" data-e-type=\"column\">\n\t\t\t<div class=\"elementor-widget-wrap\">\n\t\t\t\t\t\t\t<\/div>\n\t\t<\/div>\n\t\t\t\t<div class=\"elementor-column elementor-col-33 elementor-top-column elementor-element elementor-element-1e81522\" data-id=\"1e81522\" data-element_type=\"column\" data-e-type=\"column\">\n\t\t\t<div class=\"elementor-widget-wrap elementor-element-populated\">\n\t\t\t\t\t\t<section class=\"elementor-section elementor-inner-section elementor-element elementor-element-0e7dee3 elementor-section-boxed elementor-section-height-default elementor-section-height-default\" data-id=\"0e7dee3\" data-element_type=\"section\" data-e-type=\"section\">\n\t\t\t\t\t\t<div class=\"elementor-container elementor-column-gap-default\">\n\t\t\t\t\t<div class=\"elementor-column elementor-col-100 elementor-inner-column elementor-element elementor-element-8b975d4\" data-id=\"8b975d4\" data-element_type=\"column\" data-e-type=\"column\" data-settings=\"{&quot;background_background&quot;:&quot;classic&quot;}\">\n\t\t\t<div class=\"elementor-widget-wrap elementor-element-populated\">\n\t\t\t\t\t\t<div class=\"elementor-element elementor-element-c9a556c elementor-widget elementor-widget-heading\" data-id=\"c9a556c\" data-element_type=\"widget\" data-e-type=\"widget\" data-widget_type=\"heading.default\">\n\t\t\t\t<div class=\"elementor-widget-container\">\n\t\t\t\t\t<h2 class=\"elementor-heading-title elementor-size-default\">Formulario de Cotizaci\u00f3n Gratis<\/h2>\t\t\t\t<\/div>\n\t\t\t\t<\/div>\n\t\t\t\t<div class=\"elementor-element-custom_color elementor-element elementor-element-5d82e16 elementor-widget elementor-widget-text-editor\" data-id=\"5d82e16\" data-element_type=\"widget\" data-e-type=\"widget\" data-widget_type=\"text-editor.default\">\n\t\t\t\t<div class=\"elementor-widget-container\">\n\t\t\t\t\t\t\t\t\t<p>Please fill in the fields marked with (*)<\/p>\t\t\t\t\t\t\t\t<\/div>\n\t\t\t\t<\/div>\n\t\t\t\t<div class=\"elementor-element elementor-element-ba9d379 elementor-widget elementor-widget-spacer\" data-id=\"ba9d379\" data-element_type=\"widget\" data-e-type=\"widget\" data-widget_type=\"spacer.default\">\n\t\t\t\t<div class=\"elementor-widget-container\">\n\t\t\t\t\t\t\t<div class=\"elementor-spacer\">\n\t\t\t<div class=\"elementor-spacer-inner\"><\/div>\n\t\t<\/div>\n\t\t\t\t\t\t<\/div>\n\t\t\t\t<\/div>\n\t\t\t\t<div class=\"elementor-element elementor-element-c3a456a elementor-widget elementor-widget-html\" data-id=\"c3a456a\" data-element_type=\"widget\" data-e-type=\"widget\" data-widget_type=\"html.default\">\n\t\t\t\t<div class=\"elementor-widget-container\">\n\t\t\t\t\t\n<div class=\"wpcf7 no-js\" id=\"wpcf7-f1881-o1\" lang=\"en-US\" dir=\"ltr\" data-wpcf7-id=\"1881\">\n<div class=\"screen-reader-response\"><p role=\"status\" aria-live=\"polite\" aria-atomic=\"true\"><\/p> <ul><\/ul><\/div>\n<form action=\"\/en\/wp-json\/wp\/v2\/pages\/382#wpcf7-f1881-o1\" method=\"post\" class=\"wpcf7-form init\" aria-label=\"Contact form\" novalidate=\"novalidate\" data-status=\"init\" data-trp-original-action=\"\/en\/wp-json\/wp\/v2\/pages\/382#wpcf7-f1881-o1\">\n<div style=\"display: none;\">\n<input type=\"hidden\" name=\"_wpcf7\" value=\"1881\" \/>\n<input type=\"hidden\" name=\"_wpcf7_version\" value=\"6.0.6\" \/>\n<input type=\"hidden\" name=\"_wpcf7_locale\" value=\"en_US\" \/>\n<input type=\"hidden\" name=\"_wpcf7_unit_tag\" value=\"wpcf7-f1881-o1\" \/>\n<input type=\"hidden\" name=\"_wpcf7_container_post\" value=\"0\" \/>\n<input type=\"hidden\" name=\"_wpcf7_posted_data_hash\" value=\"\" \/>\n<\/div>\n<div class=\"row contact_form_2\">\n\t<div class=\"span12\">\n\t\t<p><span class=\"wpcf7-form-control-wrap\" data-name=\"servicio\"><select class=\"wpcf7-form-control wpcf7-select\" aria-invalid=\"false\" name=\"servicio\"><option value=\"SELECCIONE SU SERVICIO\">Select the type of service:<\/option><option value=\"Traducci\u00f3n de documentos para tr\u00e1mites (Tarifa por documento)\">Traducci\u00f3n de documentos para tr\u00e1mites (Tarifa por documento)<\/option><option value=\"Traducci\u00f3n de Columnas de Opini\u00f3n (Tarifa por Documento)\">Traducci\u00f3n de Columnas de Opini\u00f3n (Tarifa por Documento)<\/option><option value=\"Traducci\u00f3n de Libros (Tarifa por palabras)\">Traducci\u00f3n de Libros (Tarifa por palabras)<\/option><option value=\"Traducci\u00f3n de documentos varios (Tarifa por palabras)\">Traducci\u00f3n de documentos varios (Tarifa por palabras)<\/option><option value=\"Servicios de Interpretaci\u00f3n Simult\u00e1nea (Tarifa por hora)\">Servicios de Interpretaci\u00f3n Simult\u00e1nea (Tarifa por hora)<\/option><\/select><\/span>\n\t\t<\/p>\n\t<\/div>\n\t<div class=\"span6\">\n\t\t<p><span class=\"wpcf7-form-control-wrap\" data-name=\"your-name\"><input size=\"40\" maxlength=\"400\" class=\"wpcf7-form-control wpcf7-text wpcf7-validates-as-required\" aria-required=\"true\" aria-invalid=\"false\" placeholder=\"Name*\" value=\"\" type=\"text\" name=\"your-name\" \/><\/span>\n\t\t<\/p>\n\t<\/div>\n\t<div class=\"span6\">\n\t\t<p><span class=\"wpcf7-form-control-wrap\" data-name=\"your-apellido\"><input size=\"40\" maxlength=\"400\" class=\"wpcf7-form-control wpcf7-text wpcf7-validates-as-required\" aria-required=\"true\" aria-invalid=\"false\" placeholder=\"Last Name*\" value=\"\" type=\"text\" name=\"your-apellido\" \/><\/span>\n\t\t<\/p>\n\t<\/div>\n\t<div class=\"span6\">\n\t\t<p><span class=\"wpcf7-form-control-wrap\" data-name=\"your-email\"><input size=\"40\" maxlength=\"400\" class=\"wpcf7-form-control wpcf7-email wpcf7-validates-as-required wpcf7-text wpcf7-validates-as-email\" aria-required=\"true\" aria-invalid=\"false\" placeholder=\"E-mail*\" value=\"\" type=\"email\" name=\"your-email\" \/><\/span>\n\t\t<\/p>\n\t<\/div>\n\t<div class=\"span6\">\n\t\t<p><span class=\"wpcf7-form-control-wrap\" data-name=\"your-name\"><input size=\"40\" maxlength=\"400\" class=\"wpcf7-form-control wpcf7-text wpcf7-validates-as-required\" aria-required=\"true\" aria-invalid=\"false\" placeholder=\"Phone*\" value=\"\" type=\"text\" name=\"your-name\" \/><\/span>\n\t\t<\/p>\n\t<\/div>\n\t<div class=\"span6\">\n\t\t<p><span class=\"wpcf7-form-control-wrap\" data-name=\"your-empresa\"><input size=\"40\" maxlength=\"400\" class=\"wpcf7-form-control wpcf7-text wpcf7-validates-as-required\" aria-required=\"true\" aria-invalid=\"false\" placeholder=\"Company Name:\" value=\"\" type=\"text\" name=\"your-empresa\" \/><\/span>\n\t\t<\/p>\n\t<\/div>\n\t<div class=\"span12\">\n\t\t<p><span class=\"wpcf7-form-control-wrap\" data-name=\"your-message\"><textarea cols=\"40\" rows=\"10\" maxlength=\"2000\" class=\"wpcf7-form-control wpcf7-textarea\" aria-invalid=\"false\" placeholder=\"Description of required service\" name=\"your-message\"><\/textarea><\/span>\n\t\t<\/p>\n\t<\/div>\n\t<div class=\"span12\">\n\t\t<p><input class=\"wpcf7-form-control wpcf7-submit has-spinner\" type=\"submit\" value=\"Send request\" \/>\n\t\t<\/p>\n\t<\/div>\n<\/div><div class=\"wpcf7-response-output\" aria-hidden=\"true\"><\/div>\n<input type=\"hidden\" name=\"trp-form-language\" value=\"en\"\/><\/form>\n<\/div>\n\t\t\t\t<\/div>\n\t\t\t\t<\/div>\n\t\t\t\t\t<\/div>\n\t\t<\/div>\n\t\t\t\t\t<\/div>\n\t\t<\/section>\n\t\t\t\t<div class=\"elementor-element elementor-element-33e5731 elementor-widget elementor-widget-spacer\" data-id=\"33e5731\" data-element_type=\"widget\" data-e-type=\"widget\" data-widget_type=\"spacer.default\">\n\t\t\t\t<div class=\"elementor-widget-container\">\n\t\t\t\t\t\t\t<div class=\"elementor-spacer\">\n\t\t\t<div class=\"elementor-spacer-inner\"><\/div>\n\t\t<\/div>\n\t\t\t\t\t\t<\/div>\n\t\t\t\t<\/div>\n\t\t\t\t\t<\/div>\n\t\t<\/div>\n\t\t\t\t\t<\/div>\n\t\t<\/section>\n\t\t\t\t<section class=\"elementor-section elementor-top-section elementor-element elementor-element-5ce73a0 elementor-section-boxed elementor-section-height-default elementor-section-height-default\" data-id=\"5ce73a0\" data-element_type=\"section\" data-e-type=\"section\" data-settings=\"{&quot;background_background&quot;:&quot;classic&quot;}\">\n\t\t\t\t\t\t<div class=\"elementor-container elementor-column-gap-default\">\n\t\t\t\t\t<div class=\"elementor-column elementor-col-50 elementor-top-column elementor-element elementor-element-07792a2\" data-id=\"07792a2\" data-element_type=\"column\" data-e-type=\"column\">\n\t\t\t<div class=\"elementor-widget-wrap elementor-element-populated\">\n\t\t\t\t\t\t<div class=\"elementor-element elementor-element-7c80a77 elementor-widget elementor-widget-text-editor\" data-id=\"7c80a77\" data-element_type=\"widget\" data-e-type=\"widget\" data-widget_type=\"text-editor.default\">\n\t\t\t\t<div class=\"elementor-widget-container\">\n\t\t\t\t\t\t\t\t\t<p style=\"text-align: center;\"><u><b>Oportunidad Laboral<\/b><\/u><\/p>\t\t\t\t\t\t\t\t<\/div>\n\t\t\t\t<\/div>\n\t\t\t\t<div class=\"elementor-element elementor-element-f9bd9f4 elementor-widget elementor-widget-spacer\" data-id=\"f9bd9f4\" data-element_type=\"widget\" data-e-type=\"widget\" data-widget_type=\"spacer.default\">\n\t\t\t\t<div class=\"elementor-widget-container\">\n\t\t\t\t\t\t\t<div class=\"elementor-spacer\">\n\t\t\t<div class=\"elementor-spacer-inner\"><\/div>\n\t\t<\/div>\n\t\t\t\t\t\t<\/div>\n\t\t\t\t<\/div>\n\t\t\t\t<div class=\"elementor-element elementor-element-68efd26 elementor-widget elementor-widget-spacer\" data-id=\"68efd26\" data-element_type=\"widget\" data-e-type=\"widget\" data-widget_type=\"spacer.default\">\n\t\t\t\t<div class=\"elementor-widget-container\">\n\t\t\t\t\t\t\t<div class=\"elementor-spacer\">\n\t\t\t<div class=\"elementor-spacer-inner\"><\/div>\n\t\t<\/div>\n\t\t\t\t\t\t<\/div>\n\t\t\t\t<\/div>\n\t\t\t\t\t<\/div>\n\t\t<\/div>\n\t\t\t\t<div class=\"elementor-column elementor-col-50 elementor-top-column elementor-element elementor-element-2e39afc\" data-id=\"2e39afc\" data-element_type=\"column\" data-e-type=\"column\">\n\t\t\t<div class=\"elementor-widget-wrap elementor-element-populated\">\n\t\t\t\t\t\t<div class=\"elementor-element-custom_color elementor-element elementor-element-43c1337 elementor-widget elementor-widget-text-editor\" data-id=\"43c1337\" data-element_type=\"widget\" data-e-type=\"widget\" data-widget_type=\"text-editor.default\">\n\t\t\t\t<div class=\"elementor-widget-container\">\n\t\t\t\t\t\t\t\t\t<p>Por el momento no estamos contratando nuevo personal, sin embargo, si desea ingresar a nuestra base de datos de traductores profesionales disponibles por favor enviar su curr\u00edculum vitae al correo <a href=\"mailto:traductoresunited2021@gmail.com\">traductoresunited2021@gmail.com<\/a><\/p>\t\t\t\t\t\t\t\t<\/div>\n\t\t\t\t<\/div>\n\t\t\t\t\t<\/div>\n\t\t<\/div>\n\t\t\t\t\t<\/div>\n\t\t<\/section>\n\t\t\t\t<section class=\"elementor-section elementor-top-section elementor-element elementor-element-6007c0e elementor-section-boxed elementor-section-height-default elementor-section-height-default\" data-id=\"6007c0e\" data-element_type=\"section\" data-e-type=\"section\">\n\t\t\t\t\t\t<div class=\"elementor-container elementor-column-gap-default\">\n\t\t\t\t\t<div class=\"elementor-column elementor-col-100 elementor-top-column elementor-element elementor-element-449ff41\" data-id=\"449ff41\" data-element_type=\"column\" data-e-type=\"column\">\n\t\t\t<div class=\"elementor-widget-wrap elementor-element-populated\">\n\t\t\t\t\t\t<div class=\"elementor-element elementor-element-05b625c elementor-widget elementor-widget-google_maps\" data-id=\"05b625c\" data-element_type=\"widget\" data-e-type=\"widget\" data-widget_type=\"google_maps.default\">\n\t\t\t\t<div class=\"elementor-widget-container\">\n\t\t\t\t\t\t\t<div class=\"elementor-custom-embed\">\n\t\t\t<iframe loading=\"lazy\"\n\t\t\t\t\tsrc=\"https:\/\/maps.google.com\/maps?q=La%20Paz%2C%20Bolivia&#038;t=m&#038;z=12&#038;output=embed&#038;iwloc=near\"\n\t\t\t\t\ttitle=\"La Paz, Bolivia\"\n\t\t\t\t\taria-label=\"La Paz, Bolivia\"\n\t\t\t><\/iframe>\n\t\t<\/div>\n\t\t\t\t\t\t<\/div>\n\t\t\t\t<\/div>\n\t\t\t\t\t<\/div>\n\t\t<\/div>\n\t\t\t\t\t<\/div>\n\t\t<\/section>\n\t\t\t\t<\/div>","protected":false},"excerpt":{"rendered":"<p>Traductores United Bolivia Informaci\u00f3n de Contacto Contamos con soporte de chat en vivo v\u00eda WhatsApp o puede contactarnos v\u00eda correo electr\u00f3nico. Tel\u00e9fono: (+591) 777-78832 Email: pabloandresviscarralopez@gmail.com traductoresunited2021@gmail.com Direcci\u00f3n: Auquisama\u00f1a, Calle Tajibos N\u00b0 7, La Paz, Bolivia Traductores United Bolivia Formulario de Cotizaci\u00f3n Gratis Por favor llene los campos marcados con (*) Oportunidad Laboral Por el [&hellip;]<\/p>","protected":false},"author":1,"featured_media":0,"parent":0,"menu_order":0,"comment_status":"closed","ping_status":"closed","template":"","meta":{"footnotes":""},"class_list":["post-382","page","type-page","status-publish","hentry"],"_links":{"self":[{"href":"https:\/\/www.traductoresunitedbolivia.com\/en\/wp-json\/wp\/v2\/pages\/382","targetHints":{"allow":["GET"]}}],"collection":[{"href":"https:\/\/www.traductoresunitedbolivia.com\/en\/wp-json\/wp\/v2\/pages"}],"about":[{"href":"https:\/\/www.traductoresunitedbolivia.com\/en\/wp-json\/wp\/v2\/types\/page"}],"author":[{"embeddable":true,"href":"https:\/\/www.traductoresunitedbolivia.com\/en\/wp-json\/wp\/v2\/users\/1"}],"replies":[{"embeddable":true,"href":"https:\/\/www.traductoresunitedbolivia.com\/en\/wp-json\/wp\/v2\/comments?post=382"}],"version-history":[{"count":5,"href":"https:\/\/www.traductoresunitedbolivia.com\/en\/wp-json\/wp\/v2\/pages\/382\/revisions"}],"predecessor-version":[{"id":10522,"href":"https:\/\/www.traductoresunitedbolivia.com\/en\/wp-json\/wp\/v2\/pages\/382\/revisions\/10522"}],"wp:attachment":[{"href":"https:\/\/www.traductoresunitedbolivia.com\/en\/wp-json\/wp\/v2\/media?parent=382"}],"curies":[{"name":"wp","href":"https:\/\/api.w.org\/{rel}","templated":true}]}}