{"id":9736,"date":"2021-09-01T21:52:12","date_gmt":"2021-09-01T21:52:12","guid":{"rendered":"http:\/\/www.traductoresunitedbolivia.com\/traduccion-de-documentos-para-tramites-copy\/"},"modified":"2024-09-13T16:10:35","modified_gmt":"2024-09-13T16:10:35","slug":"traduccion-de-libros","status":"publish","type":"page","link":"https:\/\/www.traductoresunitedbolivia.com\/en\/traduccion-de-libros\/","title":{"rendered":"Traducci\u00f3n de Libros"},"content":{"rendered":"<div data-elementor-type=\"wp-page\" data-elementor-id=\"9736\" class=\"elementor elementor-9736\" data-elementor-post-type=\"page\">\n\t\t\t\t\t\t<section class=\"elementor-section elementor-top-section elementor-element elementor-element-156460a elementor-section-boxed elementor-section-height-default elementor-section-height-default\" data-id=\"156460a\" data-element_type=\"section\" data-e-type=\"section\" data-settings=\"{&quot;background_background&quot;:&quot;classic&quot;}\">\n\t\t\t\t\t\t<div class=\"elementor-container elementor-column-gap-default\">\n\t\t\t\t\t<div class=\"elementor-column elementor-col-50 elementor-top-column elementor-element elementor-element-0a87759\" data-id=\"0a87759\" data-element_type=\"column\" data-e-type=\"column\">\n\t\t\t<div class=\"elementor-widget-wrap elementor-element-populated\">\n\t\t\t\t\t\t<div class=\"elementor-element elementor-element-e822f3e elementor-widget elementor-widget-spacer\" data-id=\"e822f3e\" data-element_type=\"widget\" data-e-type=\"widget\" data-widget_type=\"spacer.default\">\n\t\t\t\t<div class=\"elementor-widget-container\">\n\t\t\t\t\t\t\t<div class=\"elementor-spacer\">\n\t\t\t<div class=\"elementor-spacer-inner\"><\/div>\n\t\t<\/div>\n\t\t\t\t\t\t<\/div>\n\t\t\t\t<\/div>\n\t\t\t\t<div class=\"elementor-element elementor-element-8e66ba8 elementor-absolute elementor-hidden-phone elementor-widget elementor-widget-image\" data-id=\"8e66ba8\" data-element_type=\"widget\" data-e-type=\"widget\" data-settings=\"{&quot;_position&quot;:&quot;absolute&quot;}\" data-widget_type=\"image.default\">\n\t\t\t\t<div class=\"elementor-widget-container\">\n\t\t\t\t\t\t\t\t\t\t\t\t\t\t\t<img fetchpriority=\"high\" decoding=\"async\" width=\"190\" height=\"475\" src=\"https:\/\/www.traductoresunitedbolivia.com\/wp-content\/uploads\/2019\/09\/home2_img_02.png\" class=\"attachment-full size-full wp-image-2001\" alt=\"\" srcset=\"https:\/\/www.traductoresunitedbolivia.com\/wp-content\/uploads\/2019\/09\/home2_img_02.png 190w, https:\/\/www.traductoresunitedbolivia.com\/wp-content\/uploads\/2019\/09\/home2_img_02-120x300.png 120w\" sizes=\"(max-width: 190px) 100vw, 190px\" title=\"home2_img_02\" \/>\t\t\t\t\t\t\t\t\t\t\t\t\t\t\t<\/div>\n\t\t\t\t<\/div>\n\t\t\t\t<div class=\"elementor-element-custom_font_size elementor-element-custom_font_weight elementor-element-custom_color elementor-element elementor-element-acd46a8 elementor-widget elementor-widget-text-editor\" data-id=\"acd46a8\" data-element_type=\"widget\" data-e-type=\"widget\" data-widget_type=\"text-editor.default\">\n\t\t\t\t<div class=\"elementor-widget-container\">\n\t\t\t\t\t\t\t\t\t<h5>Service<\/h5>\t\t\t\t\t\t\t\t<\/div>\n\t\t\t\t<\/div>\n\t\t\t\t<div class=\"elementor-element-custom_font_size elementor-element-custom_font_size_mobile elementor-element-custom_line_height elementor-element-custom_line_height_mobile elementor-element-custom_color elementor-element elementor-element-6333c9e elementor-widget elementor-widget-text-editor\" data-id=\"6333c9e\" data-element_type=\"widget\" data-e-type=\"widget\" data-widget_type=\"text-editor.default\">\n\t\t\t\t<div class=\"elementor-widget-container\">\n\t\t\t\t\t\t\t\t\t<h1><span style=\"color: #a59c41;\"><strong>Traducci\u00f3n <br \/>of books<\/strong><\/span><\/h1>\t\t\t\t\t\t\t\t<\/div>\n\t\t\t\t<\/div>\n\t\t\t\t<div class=\"elementor-element elementor-element-03b5bad elementor-widget elementor-widget-spacer\" data-id=\"03b5bad\" data-element_type=\"widget\" data-e-type=\"widget\" data-widget_type=\"spacer.default\">\n\t\t\t\t<div class=\"elementor-widget-container\">\n\t\t\t\t\t\t\t<div class=\"elementor-spacer\">\n\t\t\t<div class=\"elementor-spacer-inner\"><\/div>\n\t\t<\/div>\n\t\t\t\t\t\t<\/div>\n\t\t\t\t<\/div>\n\t\t\t\t<div class=\"elementor-element elementor-element-620acca elementor-widget elementor-widget-spacer\" data-id=\"620acca\" data-element_type=\"widget\" data-e-type=\"widget\" data-widget_type=\"spacer.default\">\n\t\t\t\t<div class=\"elementor-widget-container\">\n\t\t\t\t\t\t\t<div class=\"elementor-spacer\">\n\t\t\t<div class=\"elementor-spacer-inner\"><\/div>\n\t\t<\/div>\n\t\t\t\t\t\t<\/div>\n\t\t\t\t<\/div>\n\t\t\t\t\t<\/div>\n\t\t<\/div>\n\t\t\t\t<div class=\"elementor-column elementor-col-50 elementor-top-column elementor-element elementor-element-37bd82e\" data-id=\"37bd82e\" data-element_type=\"column\" data-e-type=\"column\">\n\t\t\t<div class=\"elementor-widget-wrap elementor-element-populated\">\n\t\t\t\t\t\t<div class=\"elementor-element elementor-element-3ace9e7 elementor-widget elementor-widget-spacer\" data-id=\"3ace9e7\" data-element_type=\"widget\" data-e-type=\"widget\" data-widget_type=\"spacer.default\">\n\t\t\t\t<div class=\"elementor-widget-container\">\n\t\t\t\t\t\t\t<div class=\"elementor-spacer\">\n\t\t\t<div class=\"elementor-spacer-inner\"><\/div>\n\t\t<\/div>\n\t\t\t\t\t\t<\/div>\n\t\t\t\t<\/div>\n\t\t\t\t<div class=\"elementor-element elementor-element-6ee0ac4 elementor-widget elementor-widget-image\" data-id=\"6ee0ac4\" data-element_type=\"widget\" data-e-type=\"widget\" data-widget_type=\"image.default\">\n\t\t\t\t<div class=\"elementor-widget-container\">\n\t\t\t\t\t\t\t\t\t\t\t\t\t\t\t<img decoding=\"async\" width=\"1116\" height=\"1124\" src=\"https:\/\/www.traductoresunitedbolivia.com\/wp-content\/uploads\/2021\/08\/expertos-en-textos-medicos-de-energia-y-de-negocios.png\" class=\"attachment-full size-full wp-image-9661\" alt=\"\" srcset=\"https:\/\/www.traductoresunitedbolivia.com\/wp-content\/uploads\/2021\/08\/expertos-en-textos-medicos-de-energia-y-de-negocios.png 1116w, https:\/\/www.traductoresunitedbolivia.com\/wp-content\/uploads\/2021\/08\/expertos-en-textos-medicos-de-energia-y-de-negocios-298x300.png 298w, https:\/\/www.traductoresunitedbolivia.com\/wp-content\/uploads\/2021\/08\/expertos-en-textos-medicos-de-energia-y-de-negocios-1017x1024.png 1017w, https:\/\/www.traductoresunitedbolivia.com\/wp-content\/uploads\/2021\/08\/expertos-en-textos-medicos-de-energia-y-de-negocios-150x150.png 150w, https:\/\/www.traductoresunitedbolivia.com\/wp-content\/uploads\/2021\/08\/expertos-en-textos-medicos-de-energia-y-de-negocios-768x774.png 768w, https:\/\/www.traductoresunitedbolivia.com\/wp-content\/uploads\/2021\/08\/expertos-en-textos-medicos-de-energia-y-de-negocios-480x483.png 480w\" sizes=\"(max-width: 1116px) 100vw, 1116px\" title=\"expertos-en-textos-medicos-de-energia-y-de-negocios\" \/>\t\t\t\t\t\t\t\t\t\t\t\t\t\t\t<\/div>\n\t\t\t\t<\/div>\n\t\t\t\t<div class=\"elementor-element elementor-element-7fc22dc elementor-absolute elementor-widget__width-initial elementor-widget-mobile__width-initial elementor-widget-tablet__width-initial elementor-widget elementor-widget-html\" data-id=\"7fc22dc\" data-element_type=\"widget\" data-e-type=\"widget\" data-settings=\"{&quot;_position&quot;:&quot;absolute&quot;}\" data-widget_type=\"html.default\">\n\t\t\t\t<div class=\"elementor-widget-container\">\n\t\t\t\t\t\n\n\t\t\t\t<\/div>\n\t\t\t\t<\/div>\n\t\t\t\t\t<\/div>\n\t\t<\/div>\n\t\t\t\t\t<\/div>\n\t\t<\/section>\n\t\t\t\t<section class=\"elementor-section elementor-top-section elementor-element elementor-element-102e618 elementor-section-boxed elementor-section-height-default elementor-section-height-default\" data-id=\"102e618\" data-element_type=\"section\" data-e-type=\"section\" data-settings=\"{&quot;background_background&quot;:&quot;classic&quot;}\">\n\t\t\t\t\t\t<div class=\"elementor-container elementor-column-gap-extended\">\n\t\t\t\t\t<div class=\"elementor-column elementor-col-50 elementor-top-column elementor-element elementor-element-c839eff\" data-id=\"c839eff\" data-element_type=\"column\" data-e-type=\"column\">\n\t\t\t<div class=\"elementor-widget-wrap elementor-element-populated\">\n\t\t\t\t\t\t<div class=\"elementor-element elementor-element-660f705 elementor-invisible elementor-widget elementor-widget-image\" data-id=\"660f705\" data-element_type=\"widget\" data-e-type=\"widget\" data-settings=\"{&quot;_animation&quot;:&quot;fadeIn&quot;}\" data-widget_type=\"image.default\">\n\t\t\t\t<div class=\"elementor-widget-container\">\n\t\t\t\t\t\t\t\t\t\t\t\t\t\t\t<img decoding=\"async\" width=\"800\" height=\"628\" src=\"https:\/\/www.traductoresunitedbolivia.com\/wp-content\/uploads\/2021\/09\/Traduccion-de-Libros.jpg\" class=\"attachment-full size-full wp-image-9739\" alt=\"\" srcset=\"https:\/\/www.traductoresunitedbolivia.com\/wp-content\/uploads\/2021\/09\/Traduccion-de-Libros.jpg 800w, https:\/\/www.traductoresunitedbolivia.com\/wp-content\/uploads\/2021\/09\/Traduccion-de-Libros-300x236.jpg 300w, https:\/\/www.traductoresunitedbolivia.com\/wp-content\/uploads\/2021\/09\/Traduccion-de-Libros-768x603.jpg 768w, https:\/\/www.traductoresunitedbolivia.com\/wp-content\/uploads\/2021\/09\/Traduccion-de-Libros-15x12.jpg 15w, https:\/\/www.traductoresunitedbolivia.com\/wp-content\/uploads\/2021\/09\/Traduccion-de-Libros-480x377.jpg 480w\" sizes=\"(max-width: 800px) 100vw, 800px\" title=\"Traduccion-de-Libros\" \/>\t\t\t\t\t\t\t\t\t\t\t\t\t\t\t<\/div>\n\t\t\t\t<\/div>\n\t\t\t\t\t<\/div>\n\t\t<\/div>\n\t\t\t\t<div class=\"elementor-column elementor-col-50 elementor-top-column elementor-element elementor-element-b2dc8a8\" data-id=\"b2dc8a8\" data-element_type=\"column\" data-e-type=\"column\">\n\t\t\t<div class=\"elementor-widget-wrap elementor-element-populated\">\n\t\t\t\t\t\t<div class=\"elementor-element elementor-element-dbe4ff9 elementor-widget elementor-widget-spacer\" data-id=\"dbe4ff9\" data-element_type=\"widget\" data-e-type=\"widget\" data-widget_type=\"spacer.default\">\n\t\t\t\t<div class=\"elementor-widget-container\">\n\t\t\t\t\t\t\t<div class=\"elementor-spacer\">\n\t\t\t<div class=\"elementor-spacer-inner\"><\/div>\n\t\t<\/div>\n\t\t\t\t\t\t<\/div>\n\t\t\t\t<\/div>\n\t\t\t\t<div class=\"elementor-element-custom_font_size elementor-element-custom_font_weight elementor-element-custom_color elementor-element elementor-element-e134f4a elementor-widget elementor-widget-text-editor\" data-id=\"e134f4a\" data-element_type=\"widget\" data-e-type=\"widget\" data-widget_type=\"text-editor.default\">\n\t\t\t\t<div class=\"elementor-widget-container\">\n\t\t\t\t\t\t\t\t\t<h5>Service<\/h5>\t\t\t\t\t\t\t\t<\/div>\n\t\t\t\t<\/div>\n\t\t\t\t<div class=\"elementor-element elementor-element-7ce3db6 elementor-widget elementor-widget-heading\" data-id=\"7ce3db6\" data-element_type=\"widget\" data-e-type=\"widget\" data-widget_type=\"heading.default\">\n\t\t\t\t<div class=\"elementor-widget-container\">\n\t\t\t\t\t<h2 class=\"elementor-heading-title elementor-size-default\">Traducci\u00f3n   de Libros\n<\/h2>\t\t\t\t<\/div>\n\t\t\t\t<\/div>\n\t\t\t\t<div class=\"elementor-element elementor-element-0f47419 elementor-widget elementor-widget-spacer\" data-id=\"0f47419\" data-element_type=\"widget\" data-e-type=\"widget\" data-widget_type=\"spacer.default\">\n\t\t\t\t<div class=\"elementor-widget-container\">\n\t\t\t\t\t\t\t<div class=\"elementor-spacer\">\n\t\t\t<div class=\"elementor-spacer-inner\"><\/div>\n\t\t<\/div>\n\t\t\t\t\t\t<\/div>\n\t\t\t\t<\/div>\n\t\t\t\t<div class=\"elementor-element elementor-element-39dffa4 elementor-widget elementor-widget-spacer\" data-id=\"39dffa4\" data-element_type=\"widget\" data-e-type=\"widget\" data-widget_type=\"spacer.default\">\n\t\t\t\t<div class=\"elementor-widget-container\">\n\t\t\t\t\t\t\t<div class=\"elementor-spacer\">\n\t\t\t<div class=\"elementor-spacer-inner\"><\/div>\n\t\t<\/div>\n\t\t\t\t\t\t<\/div>\n\t\t\t\t<\/div>\n\t\t\t\t<div class=\"elementor-element-custom_color elementor-element elementor-element-eb91ccd elementor-widget elementor-widget-text-editor\" data-id=\"eb91ccd\" data-element_type=\"widget\" data-e-type=\"widget\" data-widget_type=\"text-editor.default\">\n\t\t\t\t<div class=\"elementor-widget-container\">\n\t\t\t\t\t\t\t\t\t<p>\u00a1Transforma tu obra y llega a una audiencia global con <strong>Traductores United<\/strong>!\u00a0<\/p><p>En el mundo actual, la clave para compartir conocimiento y creatividad est\u00e1 en <strong>traspasar fronteras ling\u00fc\u00edsticas<\/strong>. Ya sea que quieras traducir tu novela, un manual especializado o un texto acad\u00e9mico, nosotros te ayudamos a que tus palabras conecten con lectores de todo el mundo.<\/p><h4><strong>\u00bfPor qu\u00e9 elegirnos?<\/strong><\/h4><ul><li><strong>Expertos biling\u00fces<\/strong> \ud83d\udc68\u200d\ud83d\udcbb\ud83d\udc69\u200d\ud83d\udcbb: Contamos con un equipo de traductores profesionales especializados tanto en ingl\u00e9s como en espa\u00f1ol, con amplia experiencia en traducci\u00f3n literaria, t\u00e9cnica y acad\u00e9mica.<\/li><li><strong>Calidad garantizada<\/strong> \u2705: No solo traducimos, tambi\u00e9n editamos y corregimos cada palabra para asegurar que tu mensaje sea fiel y preciso.<\/li><li><strong>Soluciones personalizadas<\/strong> \ud83c\udfaf: Cada proyecto es \u00fanico. Por eso te ofrecemos una cotizaci\u00f3n adaptada a la extensi\u00f3n y complejidad de tu obra, garantizando siempre la mejor relaci\u00f3n calidad-precio.<\/li><\/ul><h4><strong>\u00bfC\u00f3mo trabajamos?<\/strong><\/h4><ol><li><strong>Cotizaci\u00f3n r\u00e1pida y clara<\/strong>: Solicita una cotizaci\u00f3n personalizada y recibir\u00e1s toda la informaci\u00f3n detallada para que puedas tomar la mejor decisi\u00f3n.<\/li><li><strong>Entrega puntual<\/strong> \u23f3: Nos comprometemos a cumplir con los plazos acordados. El tiempo de entrega depender\u00e1 del tama\u00f1o de tu libro, pero siempre tendr\u00e1s actualizaciones sobre el progreso.<\/li><li><strong>Atenci\u00f3n personalizada<\/strong> \ud83d\udcac: Sabemos que cada proyecto es \u00fanico, por lo que adaptamos nuestros servicios para satisfacer <strong>todas tus necesidades<\/strong>.<\/li><\/ol><h4><strong>Lo que traducimos<\/strong> \ud83d\udcd6:<\/h4><ul><li>Novelas, cuentos, ensayos \u270d\ufe0f<\/li><li>Manuales t\u00e9cnicos e instructivos \ud83d\udcda<\/li><li>Textos acad\u00e9micos y cient\u00edficos \ud83c\udf93<\/li><\/ul><p>Con nuestro servicio de traducci\u00f3n de libros, tu obra llegar\u00e1 a m\u00e1s personas y podr\u00e1 ser le\u00edda en cualquier rinc\u00f3n del mundo. \u00a1No dejes que el idioma sea una barrera! \ud83d\ude80<\/p><h4><strong>\u00a1Cont\u00e1ctanos hoy!<\/strong><\/h4><p>Estamos listos para ayudarte a dar el siguiente paso en tu camino hacia el \u00e9xito internacional. Solicita tu <strong>cotizaci\u00f3n gratuita<\/strong> y descubre c\u00f3mo nuestro servicio de traducci\u00f3n puede potenciar el impacto de tu obra.<\/p>\t\t\t\t\t\t\t\t<\/div>\n\t\t\t\t<\/div>\n\t\t\t\t<div class=\"elementor-element elementor-element-fe4084a elementor-widget elementor-widget-spacer\" data-id=\"fe4084a\" data-element_type=\"widget\" data-e-type=\"widget\" data-widget_type=\"spacer.default\">\n\t\t\t\t<div class=\"elementor-widget-container\">\n\t\t\t\t\t\t\t<div class=\"elementor-spacer\">\n\t\t\t<div class=\"elementor-spacer-inner\"><\/div>\n\t\t<\/div>\n\t\t\t\t\t\t<\/div>\n\t\t\t\t<\/div>\n\t\t\t\t<div class=\"gt3-core-button--alignment_left elementor-element elementor-element-78baa9e elementor-widget elementor-widget-gt3-core-button\" data-id=\"78baa9e\" data-element_type=\"widget\" data-e-type=\"widget\" data-widget_type=\"gt3-core-button.default\">\n\t\t\t\t<div class=\"elementor-widget-container\">\n\t\t\t\t\t\t<div class=\"gt3_module_button_elementor size_custom alignment_left button_icon_none hover_type5 rounded\">\r\n\t\t<a class=\"button_size_elementor_custom alignment_left border_icon_none hover_type5 btn_icon_position_left\" href=\"#cotiza\">\r\n\t\t\t\t<span class=\"gt3_module_button__container\">\r\n\t\t\t\t\t\t\t\t\t\t\t<span class=\"elementor_gt3_btn_text\">SOLICITA TU COTIZACI\u00d3N<\/span>\t\t\t\t\t\t<span class=\"gt3_module_button__cover front\"><\/span>\r\n\t\t\t\t\t\t<span class=\"gt3_module_button__cover back\"><\/span>\r\n\t\t\t\t\t\t\t\t\t<\/span>\r\n\t\t<\/a>\r\n\t<\/div>\r\n\r\n<script type=\"application\/json\" id=\"settings--78baa9e\">[]<\/script>\t\t\t\t<\/div>\n\t\t\t\t<\/div>\n\t\t\t\t<div class=\"elementor-element elementor-element-2f8cfaa elementor-widget elementor-widget-spacer\" data-id=\"2f8cfaa\" data-element_type=\"widget\" data-e-type=\"widget\" data-widget_type=\"spacer.default\">\n\t\t\t\t<div class=\"elementor-widget-container\">\n\t\t\t\t\t\t\t<div class=\"elementor-spacer\">\n\t\t\t<div class=\"elementor-spacer-inner\"><\/div>\n\t\t<\/div>\n\t\t\t\t\t\t<\/div>\n\t\t\t\t<\/div>\n\t\t\t\t\t<\/div>\n\t\t<\/div>\n\t\t\t\t\t<\/div>\n\t\t<\/section>\n\t\t\t\t<section class=\"elementor-section elementor-top-section elementor-element elementor-element-44b7950 elementor-section-boxed elementor-section-height-default elementor-section-height-default\" data-id=\"44b7950\" data-element_type=\"section\" data-e-type=\"section\" id=\"cotiza\" data-settings=\"{&quot;background_background&quot;:&quot;classic&quot;}\">\n\t\t\t\t\t\t<div class=\"elementor-container elementor-column-gap-extended\">\n\t\t\t\t\t<div class=\"elementor-column elementor-col-50 elementor-top-column elementor-element elementor-element-6d1b22d\" data-id=\"6d1b22d\" data-element_type=\"column\" data-e-type=\"column\">\n\t\t\t<div class=\"elementor-widget-wrap elementor-element-populated\">\n\t\t\t\t\t\t<div class=\"elementor-element elementor-element-eedaa98 elementor-widget elementor-widget-spacer\" data-id=\"eedaa98\" data-element_type=\"widget\" data-e-type=\"widget\" data-widget_type=\"spacer.default\">\n\t\t\t\t<div class=\"elementor-widget-container\">\n\t\t\t\t\t\t\t<div class=\"elementor-spacer\">\n\t\t\t<div class=\"elementor-spacer-inner\"><\/div>\n\t\t<\/div>\n\t\t\t\t\t\t<\/div>\n\t\t\t\t<\/div>\n\t\t\t\t<div class=\"elementor-element elementor-element-cb9756b animated-fast elementor-invisible elementor-widget elementor-widget-image\" data-id=\"cb9756b\" data-element_type=\"widget\" data-e-type=\"widget\" data-settings=\"{&quot;_animation&quot;:&quot;fadeIn&quot;}\" data-widget_type=\"image.default\">\n\t\t\t\t<div class=\"elementor-widget-container\">\n\t\t\t\t\t\t\t\t\t\t\t\t\t\t\t<img loading=\"lazy\" decoding=\"async\" width=\"1080\" height=\"675\" src=\"https:\/\/www.traductoresunitedbolivia.com\/wp-content\/uploads\/2021\/08\/Servicios-de-traduccion-1080x675-1.jpg\" class=\"attachment-full size-full wp-image-9634\" alt=\"\" srcset=\"https:\/\/www.traductoresunitedbolivia.com\/wp-content\/uploads\/2021\/08\/Servicios-de-traduccion-1080x675-1.jpg 1080w, https:\/\/www.traductoresunitedbolivia.com\/wp-content\/uploads\/2021\/08\/Servicios-de-traduccion-1080x675-1-300x188.jpg 300w, https:\/\/www.traductoresunitedbolivia.com\/wp-content\/uploads\/2021\/08\/Servicios-de-traduccion-1080x675-1-1024x640.jpg 1024w, https:\/\/www.traductoresunitedbolivia.com\/wp-content\/uploads\/2021\/08\/Servicios-de-traduccion-1080x675-1-768x480.jpg 768w, https:\/\/www.traductoresunitedbolivia.com\/wp-content\/uploads\/2021\/08\/Servicios-de-traduccion-1080x675-1-480x300.jpg 480w\" sizes=\"(max-width: 1080px) 100vw, 1080px\" title=\"Servicios-de-traducci\u00f3n-1080x675\" \/>\t\t\t\t\t\t\t\t\t\t\t\t\t\t\t<\/div>\n\t\t\t\t<\/div>\n\t\t\t\t\t<\/div>\n\t\t<\/div>\n\t\t\t\t<div class=\"elementor-column elementor-col-50 elementor-top-column elementor-element elementor-element-356f8db\" data-id=\"356f8db\" data-element_type=\"column\" data-e-type=\"column\">\n\t\t\t<div class=\"elementor-widget-wrap elementor-element-populated\">\n\t\t\t\t\t\t<div class=\"elementor-element elementor-element-d2e44c6 elementor-widget elementor-widget-spacer\" data-id=\"d2e44c6\" data-element_type=\"widget\" data-e-type=\"widget\" data-widget_type=\"spacer.default\">\n\t\t\t\t<div class=\"elementor-widget-container\">\n\t\t\t\t\t\t\t<div class=\"elementor-spacer\">\n\t\t\t<div class=\"elementor-spacer-inner\"><\/div>\n\t\t<\/div>\n\t\t\t\t\t\t<\/div>\n\t\t\t\t<\/div>\n\t\t\t\t<div class=\"elementor-element-custom_font_size elementor-element-custom_font_weight elementor-element elementor-element-5683383 elementor-widget elementor-widget-text-editor\" data-id=\"5683383\" data-element_type=\"widget\" data-e-type=\"widget\" data-widget_type=\"text-editor.default\">\n\t\t\t\t<div class=\"elementor-widget-container\">\n\t\t\t\t\t\t\t\t\t<h5>REGISTRATION FORM<\/h5>\t\t\t\t\t\t\t\t<\/div>\n\t\t\t\t<\/div>\n\t\t\t\t<div class=\"elementor-element elementor-element-3b015b9 elementor-widget elementor-widget-heading\" data-id=\"3b015b9\" data-element_type=\"widget\" data-e-type=\"widget\" data-widget_type=\"heading.default\">\n\t\t\t\t<div class=\"elementor-widget-container\">\n\t\t\t\t\t<h2 class=\"elementor-heading-title elementor-size-default\">Solicita tu cotizaci\u00f3n!!!<\/h2>\t\t\t\t<\/div>\n\t\t\t\t<\/div>\n\t\t\t\t<div class=\"elementor-element elementor-element-9052be1 elementor-widget elementor-widget-text-editor\" data-id=\"9052be1\" data-element_type=\"widget\" data-e-type=\"widget\" data-widget_type=\"text-editor.default\">\n\t\t\t\t<div class=\"elementor-widget-container\">\n\t\t\t\t\t\t\t\t\t<p>Si tiene alguna duda sobre el servicio, por favor comun\u00edquese con nuestros asesores a trav\u00e9s de las l\u00edneas: 77778832.<\/p>\t\t\t\t\t\t\t\t<\/div>\n\t\t\t\t<\/div>\n\t\t\t\t<div class=\"elementor-element elementor-element-4c2802d elementor-widget elementor-widget-html\" data-id=\"4c2802d\" data-element_type=\"widget\" data-e-type=\"widget\" data-widget_type=\"html.default\">\n\t\t\t\t<div class=\"elementor-widget-container\">\n\t\t\t\t\t\n<div class=\"wpcf7 no-js\" id=\"wpcf7-f958-o1\" lang=\"en-US\" dir=\"ltr\" data-wpcf7-id=\"958\">\n<div class=\"screen-reader-response\"><p role=\"status\" aria-live=\"polite\" aria-atomic=\"true\"><\/p> <ul><\/ul><\/div>\n<form action=\"\/en\/wp-json\/wp\/v2\/pages\/9736#wpcf7-f958-o1\" method=\"post\" class=\"wpcf7-form init\" aria-label=\"Contact form\" novalidate=\"novalidate\" data-status=\"init\" data-trp-original-action=\"\/en\/wp-json\/wp\/v2\/pages\/9736#wpcf7-f958-o1\">\n<div style=\"display: none;\">\n<input type=\"hidden\" name=\"_wpcf7\" value=\"958\" \/>\n<input type=\"hidden\" name=\"_wpcf7_version\" value=\"6.0.6\" \/>\n<input type=\"hidden\" name=\"_wpcf7_locale\" value=\"en_US\" \/>\n<input type=\"hidden\" name=\"_wpcf7_unit_tag\" value=\"wpcf7-f958-o1\" \/>\n<input type=\"hidden\" name=\"_wpcf7_container_post\" value=\"0\" \/>\n<input type=\"hidden\" name=\"_wpcf7_posted_data_hash\" value=\"\" \/>\n<\/div>\n<div class=\"row home2_form\">\n\t<div class=\"span12\">\n\t\t<p><span class=\"wpcf7-form-control-wrap\" data-name=\"servicio\"><input size=\"40\" maxlength=\"400\" class=\"wpcf7-form-control wpcf7-text wpcf7-validates-as-required\" aria-required=\"true\" aria-invalid=\"false\" placeholder=\"Service*\" value=\"\" type=\"text\" name=\"servicio\" \/><\/span>\n\t\t<\/p>\n\t<\/div>\n\t<div class=\"span6\">\n\t\t<p><span class=\"wpcf7-form-control-wrap\" data-name=\"your-name\"><input size=\"40\" maxlength=\"400\" class=\"wpcf7-form-control wpcf7-text wpcf7-validates-as-required\" aria-required=\"true\" aria-invalid=\"false\" placeholder=\"Full name*\" value=\"\" type=\"text\" name=\"your-name\" \/><\/span>\n\t\t<\/p>\n\t<\/div>\n\t<div class=\"span6\">\n\t\t<p><span class=\"wpcf7-form-control-wrap\" data-name=\"your-email\"><input size=\"40\" maxlength=\"400\" class=\"wpcf7-form-control wpcf7-email wpcf7-validates-as-required wpcf7-text wpcf7-validates-as-email\" aria-required=\"true\" aria-invalid=\"false\" placeholder=\"E-mail*\" value=\"\" type=\"email\" name=\"your-email\" \/><\/span>\n\t\t<\/p>\n\t<\/div>\n\t<div class=\"span6\">\n\t\t<p><span class=\"wpcf7-form-control-wrap\" data-name=\"your-whatsapp\"><input size=\"40\" maxlength=\"400\" class=\"wpcf7-form-control wpcf7-text wpcf7-validates-as-required\" aria-required=\"true\" aria-invalid=\"false\" placeholder=\"WhatsApp\" value=\"\" type=\"text\" name=\"your-whatsapp\" \/><\/span>\n\t\t<\/p>\n\t<\/div>\n\t<div class=\"span6\">\n\t\t<p><span class=\"wpcf7-form-control-wrap\" data-name=\"ciudad\"><input size=\"40\" maxlength=\"400\" class=\"wpcf7-form-control wpcf7-url wpcf7-validates-as-required wpcf7-text wpcf7-validates-as-url\" aria-required=\"true\" aria-invalid=\"false\" placeholder=\"Town*\" value=\"\" type=\"url\" name=\"ciudad\" \/><\/span>\n\t\t<\/p>\n\t<\/div>\n\t<div class=\"span12\">\n\t\t<p><input class=\"wpcf7-form-control wpcf7-submit has-spinner\" type=\"submit\" value=\"Request your quote\" \/>\n\t\t<\/p>\n\t<\/div>\n<\/div><div class=\"wpcf7-response-output\" aria-hidden=\"true\"><\/div>\n<input type=\"hidden\" name=\"trp-form-language\" value=\"en\"\/><\/form>\n<\/div>\n\t\t\t\t<\/div>\n\t\t\t\t<\/div>\n\t\t\t\t<div class=\"elementor-element elementor-element-be5fe9e elementor-widget elementor-widget-spacer\" data-id=\"be5fe9e\" data-element_type=\"widget\" data-e-type=\"widget\" data-widget_type=\"spacer.default\">\n\t\t\t\t<div class=\"elementor-widget-container\">\n\t\t\t\t\t\t\t<div class=\"elementor-spacer\">\n\t\t\t<div class=\"elementor-spacer-inner\"><\/div>\n\t\t<\/div>\n\t\t\t\t\t\t<\/div>\n\t\t\t\t<\/div>\n\t\t\t\t\t<\/div>\n\t\t<\/div>\n\t\t\t\t\t<\/div>\n\t\t<\/section>\n\t\t\t\t<\/div>","protected":false},"excerpt":{"rendered":"<p>Servicio de Traducci\u00f3n de Libros Servicio de Traducci\u00f3n de Libros \u00a1Transforma tu obra y llega a una audiencia global con Traductores United!\u00a0 En el mundo actual, la clave para compartir conocimiento y creatividad est\u00e1 en traspasar fronteras ling\u00fc\u00edsticas. Ya sea que quieras traducir tu novela, un manual especializado o un texto acad\u00e9mico, nosotros te ayudamos [&hellip;]<\/p>","protected":false},"author":1,"featured_media":0,"parent":0,"menu_order":0,"comment_status":"closed","ping_status":"closed","template":"","meta":{"footnotes":""},"class_list":["post-9736","page","type-page","status-publish","hentry"],"_links":{"self":[{"href":"https:\/\/www.traductoresunitedbolivia.com\/en\/wp-json\/wp\/v2\/pages\/9736","targetHints":{"allow":["GET"]}}],"collection":[{"href":"https:\/\/www.traductoresunitedbolivia.com\/en\/wp-json\/wp\/v2\/pages"}],"about":[{"href":"https:\/\/www.traductoresunitedbolivia.com\/en\/wp-json\/wp\/v2\/types\/page"}],"author":[{"embeddable":true,"href":"https:\/\/www.traductoresunitedbolivia.com\/en\/wp-json\/wp\/v2\/users\/1"}],"replies":[{"embeddable":true,"href":"https:\/\/www.traductoresunitedbolivia.com\/en\/wp-json\/wp\/v2\/comments?post=9736"}],"version-history":[{"count":5,"href":"https:\/\/www.traductoresunitedbolivia.com\/en\/wp-json\/wp\/v2\/pages\/9736\/revisions"}],"predecessor-version":[{"id":10643,"href":"https:\/\/www.traductoresunitedbolivia.com\/en\/wp-json\/wp\/v2\/pages\/9736\/revisions\/10643"}],"wp:attachment":[{"href":"https:\/\/www.traductoresunitedbolivia.com\/en\/wp-json\/wp\/v2\/media?parent=9736"}],"curies":[{"name":"wp","href":"https:\/\/api.w.org\/{rel}","templated":true}]}}