{"id":9781,"date":"2021-09-01T22:56:18","date_gmt":"2021-09-01T22:56:18","guid":{"rendered":"http:\/\/www.traductoresunitedbolivia.com\/traduccion-de-libros-copy\/"},"modified":"2025-12-22T17:07:12","modified_gmt":"2025-12-22T17:07:12","slug":"tabla-de-precios","status":"publish","type":"page","link":"https:\/\/www.traductoresunitedbolivia.com\/en\/tabla-de-precios\/","title":{"rendered":"Pricing Table"},"content":{"rendered":"<div data-elementor-type=\"wp-page\" data-elementor-id=\"9781\" class=\"elementor elementor-9781\" data-elementor-post-type=\"page\">\n\t\t\t\t\t\t<section class=\"elementor-section elementor-top-section elementor-element elementor-element-156460a elementor-section-boxed elementor-section-height-default elementor-section-height-default\" data-id=\"156460a\" data-element_type=\"section\" data-e-type=\"section\" data-settings=\"{&quot;background_background&quot;:&quot;classic&quot;}\">\n\t\t\t\t\t\t<div class=\"elementor-container elementor-column-gap-default\">\n\t\t\t\t\t<div class=\"elementor-column elementor-col-50 elementor-top-column elementor-element elementor-element-0a87759\" data-id=\"0a87759\" data-element_type=\"column\" data-e-type=\"column\">\n\t\t\t<div class=\"elementor-widget-wrap elementor-element-populated\">\n\t\t\t\t\t<div class=\"elementor-background-overlay\"><\/div>\n\t\t\t\t\t\t<div class=\"elementor-element elementor-element-e822f3e elementor-widget elementor-widget-spacer\" data-id=\"e822f3e\" data-element_type=\"widget\" data-e-type=\"widget\" data-widget_type=\"spacer.default\">\n\t\t\t\t<div class=\"elementor-widget-container\">\n\t\t\t\t\t\t\t<div class=\"elementor-spacer\">\n\t\t\t<div class=\"elementor-spacer-inner\"><\/div>\n\t\t<\/div>\n\t\t\t\t\t\t<\/div>\n\t\t\t\t<\/div>\n\t\t\t\t<div class=\"elementor-element elementor-element-8e66ba8 elementor-absolute elementor-hidden-phone elementor-widget elementor-widget-image\" data-id=\"8e66ba8\" data-element_type=\"widget\" data-e-type=\"widget\" data-settings=\"{&quot;_position&quot;:&quot;absolute&quot;}\" data-widget_type=\"image.default\">\n\t\t\t\t<div class=\"elementor-widget-container\">\n\t\t\t\t\t\t\t\t\t\t\t\t\t\t\t<img fetchpriority=\"high\" decoding=\"async\" width=\"190\" height=\"475\" src=\"https:\/\/www.traductoresunitedbolivia.com\/wp-content\/uploads\/2019\/09\/home2_img_02.png\" class=\"attachment-full size-full wp-image-2001\" alt=\"\" srcset=\"https:\/\/www.traductoresunitedbolivia.com\/wp-content\/uploads\/2019\/09\/home2_img_02.png 190w, https:\/\/www.traductoresunitedbolivia.com\/wp-content\/uploads\/2019\/09\/home2_img_02-120x300.png 120w\" sizes=\"(max-width: 190px) 100vw, 190px\" title=\"home2_img_02\" \/>\t\t\t\t\t\t\t\t\t\t\t\t\t\t\t<\/div>\n\t\t\t\t<\/div>\n\t\t\t\t<div class=\"elementor-element-custom_font_size elementor-element-custom_font_size_mobile elementor-element-custom_line_height elementor-element-custom_line_height_mobile elementor-element-custom_color elementor-element elementor-element-6333c9e elementor-widget elementor-widget-text-editor\" data-id=\"6333c9e\" data-element_type=\"widget\" data-e-type=\"widget\" data-widget_type=\"text-editor.default\">\n\t\t\t\t<div class=\"elementor-widget-container\">\n\t\t\t\t\t\t\t\t\t<h1><span style=\"color: #a59c41;\"><strong>Pricing Table<br \/><\/strong><\/span><\/h1>\t\t\t\t\t\t\t\t<\/div>\n\t\t\t\t<\/div>\n\t\t\t\t<div class=\"elementor-element elementor-element-03b5bad elementor-widget elementor-widget-spacer\" data-id=\"03b5bad\" data-element_type=\"widget\" data-e-type=\"widget\" data-widget_type=\"spacer.default\">\n\t\t\t\t<div class=\"elementor-widget-container\">\n\t\t\t\t\t\t\t<div class=\"elementor-spacer\">\n\t\t\t<div class=\"elementor-spacer-inner\"><\/div>\n\t\t<\/div>\n\t\t\t\t\t\t<\/div>\n\t\t\t\t<\/div>\n\t\t\t\t<div class=\"elementor-element elementor-element-620acca elementor-widget elementor-widget-spacer\" data-id=\"620acca\" data-element_type=\"widget\" data-e-type=\"widget\" data-widget_type=\"spacer.default\">\n\t\t\t\t<div class=\"elementor-widget-container\">\n\t\t\t\t\t\t\t<div class=\"elementor-spacer\">\n\t\t\t<div class=\"elementor-spacer-inner\"><\/div>\n\t\t<\/div>\n\t\t\t\t\t\t<\/div>\n\t\t\t\t<\/div>\n\t\t\t\t\t<\/div>\n\t\t<\/div>\n\t\t\t\t<div class=\"elementor-column elementor-col-50 elementor-top-column elementor-element elementor-element-37bd82e\" data-id=\"37bd82e\" data-element_type=\"column\" data-e-type=\"column\">\n\t\t\t<div class=\"elementor-widget-wrap elementor-element-populated\">\n\t\t\t\t\t\t<div class=\"elementor-element elementor-element-3ace9e7 elementor-widget elementor-widget-spacer\" data-id=\"3ace9e7\" data-element_type=\"widget\" data-e-type=\"widget\" data-widget_type=\"spacer.default\">\n\t\t\t\t<div class=\"elementor-widget-container\">\n\t\t\t\t\t\t\t<div class=\"elementor-spacer\">\n\t\t\t<div class=\"elementor-spacer-inner\"><\/div>\n\t\t<\/div>\n\t\t\t\t\t\t<\/div>\n\t\t\t\t<\/div>\n\t\t\t\t<div class=\"elementor-element elementor-element-6ee0ac4 elementor-widget elementor-widget-image\" data-id=\"6ee0ac4\" data-element_type=\"widget\" data-e-type=\"widget\" data-widget_type=\"image.default\">\n\t\t\t\t<div class=\"elementor-widget-container\">\n\t\t\t\t\t\t\t\t\t\t\t\t\t\t\t<img decoding=\"async\" width=\"710\" height=\"690\" src=\"https:\/\/www.traductoresunitedbolivia.com\/wp-content\/uploads\/2021\/05\/ewe12_girl_1.png\" class=\"attachment-full size-full wp-image-9077\" alt=\"\" srcset=\"https:\/\/www.traductoresunitedbolivia.com\/wp-content\/uploads\/2021\/05\/ewe12_girl_1.png 710w, https:\/\/www.traductoresunitedbolivia.com\/wp-content\/uploads\/2021\/05\/ewe12_girl_1-300x292.png 300w, https:\/\/www.traductoresunitedbolivia.com\/wp-content\/uploads\/2021\/05\/ewe12_girl_1-480x466.png 480w\" sizes=\"(max-width: 710px) 100vw, 710px\" title=\"\" \/>\t\t\t\t\t\t\t\t\t\t\t\t\t\t\t<\/div>\n\t\t\t\t<\/div>\n\t\t\t\t<div class=\"elementor-element elementor-element-7fc22dc elementor-absolute elementor-widget__width-initial elementor-widget-mobile__width-initial elementor-widget-tablet__width-initial elementor-widget elementor-widget-html\" data-id=\"7fc22dc\" data-element_type=\"widget\" data-e-type=\"widget\" data-settings=\"{&quot;_position&quot;:&quot;absolute&quot;}\" data-widget_type=\"html.default\">\n\t\t\t\t<div class=\"elementor-widget-container\">\n\t\t\t\t\t\n\n\t\t\t\t<\/div>\n\t\t\t\t<\/div>\n\t\t\t\t\t<\/div>\n\t\t<\/div>\n\t\t\t\t\t<\/div>\n\t\t<\/section>\n\t\t\t\t<section class=\"elementor-section elementor-top-section elementor-element elementor-element-102e618 elementor-section-boxed elementor-section-height-default elementor-section-height-default\" data-id=\"102e618\" data-element_type=\"section\" data-e-type=\"section\" data-settings=\"{&quot;background_background&quot;:&quot;classic&quot;}\">\n\t\t\t\t\t\t<div class=\"elementor-container elementor-column-gap-extended\">\n\t\t\t\t\t<div class=\"elementor-column elementor-col-100 elementor-top-column elementor-element elementor-element-b2dc8a8\" data-id=\"b2dc8a8\" data-element_type=\"column\" data-e-type=\"column\">\n\t\t\t<div class=\"elementor-widget-wrap elementor-element-populated\">\n\t\t\t\t\t\t<div class=\"elementor-element elementor-element-7ce3db6 elementor-widget elementor-widget-heading\" data-id=\"7ce3db6\" data-element_type=\"widget\" data-e-type=\"widget\" data-widget_type=\"heading.default\">\n\t\t\t\t<div class=\"elementor-widget-container\">\n\t\t\t\t\t<h2 class=\"elementor-heading-title elementor-size-default\">Rates <\/h2>\t\t\t\t<\/div>\n\t\t\t\t<\/div>\n\t\t\t\t<div class=\"elementor-element elementor-element-0f47419 elementor-widget elementor-widget-spacer\" data-id=\"0f47419\" data-element_type=\"widget\" data-e-type=\"widget\" data-widget_type=\"spacer.default\">\n\t\t\t\t<div class=\"elementor-widget-container\">\n\t\t\t\t\t\t\t<div class=\"elementor-spacer\">\n\t\t\t<div class=\"elementor-spacer-inner\"><\/div>\n\t\t<\/div>\n\t\t\t\t\t\t<\/div>\n\t\t\t\t<\/div>\n\t\t\t\t<div class=\"elementor-element elementor-element-39dffa4 elementor-widget elementor-widget-spacer\" data-id=\"39dffa4\" data-element_type=\"widget\" data-e-type=\"widget\" data-widget_type=\"spacer.default\">\n\t\t\t\t<div class=\"elementor-widget-container\">\n\t\t\t\t\t\t\t<div class=\"elementor-spacer\">\n\t\t\t<div class=\"elementor-spacer-inner\"><\/div>\n\t\t<\/div>\n\t\t\t\t\t\t<\/div>\n\t\t\t\t<\/div>\n\t\t\t\t\t<\/div>\n\t\t<\/div>\n\t\t\t\t\t<\/div>\n\t\t<\/section>\n\t\t\t\t<section class=\"elementor-section elementor-top-section elementor-element elementor-element-61e53e0 elementor-section-boxed elementor-section-height-default elementor-section-height-default\" data-id=\"61e53e0\" data-element_type=\"section\" data-e-type=\"section\" data-settings=\"{&quot;background_background&quot;:&quot;classic&quot;}\">\n\t\t\t\t\t\t<div class=\"elementor-container elementor-column-gap-default\">\n\t\t\t\t\t<div class=\"elementor-column elementor-col-100 elementor-top-column elementor-element elementor-element-faf8831\" data-id=\"faf8831\" data-element_type=\"column\" data-e-type=\"column\">\n\t\t\t<div class=\"elementor-widget-wrap elementor-element-populated\">\n\t\t\t\t\t\t<div class=\"elementor-element elementor-element-b8ebc24 elementor-widget elementor-widget-text-editor\" data-id=\"b8ebc24\" data-element_type=\"widget\" data-e-type=\"widget\" data-widget_type=\"text-editor.default\">\n\t\t\t\t<div class=\"elementor-widget-container\">\n\t\t\t\t\t\t\t\t\t<table style=\"border-collapse: collapse; border: 5px solid black;\"><tbody style=\"\/* border: 5px solid black;\"><tr style=\"border: 1px solid black;\"><td width=\"31\"><strong>N\u00b0<\/strong><\/td><td width=\"273\"><strong>Service Type<\/strong><\/td><td width=\"172\"><strong>Rates<\/strong><\/td><td width=\"163\"><strong>Price in Bolivianos*<\/strong><\/td><\/tr><tr style=\"border: 1px solid black;\"><td width=\"31\"><strong>1<\/strong><\/td><td width=\"273\">Traducci\u00f3n Certificada de Documentos para Tr\u00e1mites<\/td><td width=\"172\">Rate per <u>document<\/u><\/td><td width=\"163\">89 bs.<\/td><\/tr><tr style=\"border: 1px solid black;\"><td width=\"31\"><strong>2<\/strong><\/td><td width=\"273\">Traducci\u00f3n de Columnas de Opini\u00f3n<\/td><td width=\"172\">Rate per <u>Columna de Opini\u00f3n<\/u>\u00a0<\/td><td width=\"163\">99 bs.<\/td><\/tr><tr style=\"border: 1px solid black;\"><td width=\"31\"><strong>3<\/strong><\/td><td width=\"273\">Traducci\u00f3n de Libros y\/o Edici\u00f3n de Documentos<\/td><td width=\"172\">Rate per <u>sheet<\/u> de 300 palabras (0.30 centavos por palabra)<\/td><td width=\"163\">90 bs.<\/td><\/tr><tr style=\"border: 1px solid black;\"><td width=\"31\"><strong>4<\/strong><\/td><td width=\"273\">Traducci\u00f3n Acad\u00e9mica de Documentos Varios<\/td><td width=\"172\">Rate per <u>sheet<\/u> de 300 palabras (0.35 centavos por palabra)<\/td><td width=\"163\"><p>105 bs.<\/p><\/td><\/tr><tr style=\"border: 1px solid black;\"><td width=\"31\"><strong>5<\/strong><\/td><td width=\"273\">Servicios de Interpretaci\u00f3n Simult\u00e1nea y Servicios de Int\u00e9rprete Escolta<\/td><td width=\"172\">Rate per <u>hourly<\/u> de interpretaci\u00f3n\u00a0<\/td><td width=\"163\">385 bs. y 350 bs.<\/td><\/tr><\/tbody><\/table>\t\t\t\t\t\t\t\t<\/div>\n\t\t\t\t<\/div>\n\t\t\t\t<div class=\"elementor-element elementor-element-f1a4347 elementor-widget elementor-widget-heading\" data-id=\"f1a4347\" data-element_type=\"widget\" data-e-type=\"widget\" data-widget_type=\"heading.default\">\n\t\t\t\t<div class=\"elementor-widget-container\">\n\t\t\t\t\t<h6 class=\"elementor-heading-title elementor-size-default\">* Traductores United emite factura.\n\n<\/h6>\t\t\t\t<\/div>\n\t\t\t\t<\/div>\n\t\t\t\t\t<\/div>\n\t\t<\/div>\n\t\t\t\t\t<\/div>\n\t\t<\/section>\n\t\t\t\t<\/div>","protected":false},"excerpt":{"rendered":"<p>Tabla de precios Tarifas N\u00b0 Tipo de Servicio Tarifas Precio en Bolivianos* 1 Traducci\u00f3n Certificada de Documentos para Tr\u00e1mites Tarifa por documento 89 bs. 2 Traducci\u00f3n de Columnas de Opini\u00f3n Tarifa por Columna de Opini\u00f3n\u00a0 99 bs. 3 Traducci\u00f3n de Libros y\/o Edici\u00f3n de Documentos Tarifa por hoja de 300 palabras (0.30 centavos por palabra) [&hellip;]<\/p>","protected":false},"author":1,"featured_media":0,"parent":0,"menu_order":0,"comment_status":"closed","ping_status":"closed","template":"","meta":{"footnotes":""},"class_list":["post-9781","page","type-page","status-publish","hentry"],"_links":{"self":[{"href":"https:\/\/www.traductoresunitedbolivia.com\/en\/wp-json\/wp\/v2\/pages\/9781","targetHints":{"allow":["GET"]}}],"collection":[{"href":"https:\/\/www.traductoresunitedbolivia.com\/en\/wp-json\/wp\/v2\/pages"}],"about":[{"href":"https:\/\/www.traductoresunitedbolivia.com\/en\/wp-json\/wp\/v2\/types\/page"}],"author":[{"embeddable":true,"href":"https:\/\/www.traductoresunitedbolivia.com\/en\/wp-json\/wp\/v2\/users\/1"}],"replies":[{"embeddable":true,"href":"https:\/\/www.traductoresunitedbolivia.com\/en\/wp-json\/wp\/v2\/comments?post=9781"}],"version-history":[{"count":5,"href":"https:\/\/www.traductoresunitedbolivia.com\/en\/wp-json\/wp\/v2\/pages\/9781\/revisions"}],"predecessor-version":[{"id":10721,"href":"https:\/\/www.traductoresunitedbolivia.com\/en\/wp-json\/wp\/v2\/pages\/9781\/revisions\/10721"}],"wp:attachment":[{"href":"https:\/\/www.traductoresunitedbolivia.com\/en\/wp-json\/wp\/v2\/media?parent=9781"}],"curies":[{"name":"wp","href":"https:\/\/api.w.org\/{rel}","templated":true}]}}